{"id":70,"date":"2021-03-13T16:15:40","date_gmt":"2021-03-13T16:15:40","guid":{"rendered":"http:\/\/miloszmaciejewski.co.uk\/client\/?page_id=70"},"modified":"2025-09-07T17:02:37","modified_gmt":"2025-09-07T15:02:37","slug":"pregnancy-yoga","status":"publish","type":"page","link":"https:\/\/iidyoga.com\/Polish\/pregnancy-yoga\/","title":{"rendered":"Joga w ci\u0105\u017cy"},"content":{"rendered":"<p>[et_pb_section fb_built=&#8221;1&#8243; fullwidth=&#8221;on&#8221; _builder_version=&#8221;4.9.0&#8243; _module_preset=&#8221;default&#8221;][et_pb_fullwidth_slider _builder_version=&#8221;4.9.0&#8243; _module_preset=&#8221;default&#8221;][et_pb_slide heading=&#8221;Joga w ci\u0105\u017cy&#8221; _builder_version=&#8221;4.9.0&#8243; _module_preset=&#8221;default&#8221; background_enable_color=&#8221;off&#8221; background_image=&#8221;https:\/\/iidyoga.com\/Polish\/wp-content\/uploads\/2021\/03\/bellysession_iidyoga-15-1-scaled.jpg&#8221; background_enable_image=&#8221;on&#8221; sticky_transition=&#8221;on&#8221;][\/et_pb_slide][\/et_pb_fullwidth_slider][\/et_pb_section][et_pb_section fb_built=&#8221;1&#8243; _builder_version=&#8221;4.9.0&#8243; _module_preset=&#8221;default&#8221; collapsed=&#8221;off&#8221;][et_pb_row _builder_version=&#8221;4.9.0&#8243; _module_preset=&#8221;default&#8221;][et_pb_column type=&#8221;4_4&#8243; _builder_version=&#8221;4.9.0&#8243; _module_preset=&#8221;default&#8221;][et_pb_text _builder_version=&#8221;4.9.0&#8243; _module_preset=&#8221;default&#8221; custom_padding=&#8221;|20%||20%|false|true&#8221;]<\/p>\n<h1 style=\"text-align: center;\"><strong>\u00a0 JOGA DLA KOBIET W CI\u0104\u017bY<\/strong><\/h1>\n<p style=\"text-align: center;\">(Przygotowanie do porodu)<\/p>\n<p><strong>\u00a0<\/strong><\/p>\n<p><strong>Specjalistyczne sesje jogi prenatalnej<\/strong><strong>\u00a0 to zaj\u0119cia ruchowo &#8211; oddechowo \u2013 relaksacyjne, kt\u00f3re przygotowuj\u0105 kobiet\u0119 do porodu i skoncentrowane s\u0105 na konkretnych potrzebach ci\u0105\u017cy<\/strong><\/p>\n<p>&nbsp;<\/p>\n<p><strong>Co daje joga w ci\u0105\u017cy?<\/strong><\/p>\n<ul>\n<li>Przygotowuje kobiet\u0119 do porodu na poziomie fizycznym, emocjonalnym i mentalnym<\/li>\n<li>Polepsza og\u00f3lny stan zdrowia, energii i samopoczucie<\/li>\n<li>Pomaga zrozumie\u0107 i radzi\u0107 sobie ze zmianami, kt\u00f3re towarzysz\u0105 ci\u0105\u017cy<\/li>\n<li>Przynosi ulg\u0119 w dolegliwo\u015bciach typu: b\u00f3le kr\u0119gos\u0142upa, plec\u00f3w, obrz\u0119k n\u00f3g czy trudno\u015bci z oddychaniem<\/li>\n<li>Wzmacnia mi\u0119\u015bnie i kr\u0119gos\u0142up; wp\u0142ywa na elastyczno\u015b\u0107 i \u015bwiadomo\u015b\u0107 cia\u0142a, co u\u0142atwia wyb\u00f3r najodpowiedniejszej pozycji w trakcie porodu<\/li>\n<li>Uczy prawid\u0142owego oddechu (np. torem przeponowym i jak oddycha\u0107 w trakcie skurczy). Prawid\u0142owy oddech zapewnia odpowiednie dotlenienie matki i dziecka. \u015awiadomy i zharmonizowany z rytmem skurcz\u00f3w powoduje, \u017ce skurcze s\u0105 efektywniejsze, a odczuwanie b\u00f3lu jest mniejsze<\/li>\n<li>\u0141agodzi stany l\u0119kowe i niepok\u00f3j<\/li>\n<li>Wycisza umys\u0142, ale przede wszystkim wzmacnia wiar\u0119 we w\u0142asne si\u0142y i pozytywne nastawienie do porodu<\/li>\n<li>Relatywnie szybko pomaga kobiecie powr\u00f3ci\u0107 do kondycji fizycznej i odzyska\u0107 si\u0142y witalne oraz emocjonalne w okresie poporodowym<\/li>\n<li>Daje okazja do poznania innych kobiet w ci\u0105\u017cy i podzielenie si\u0119 do\u015bwiadczeniami<\/li>\n<\/ul>\n<p>&nbsp;<\/p>\n<p><strong>\u00a0<\/strong><strong>Joga jest niew\u0105tpliwie cennym dodatkiem w przygotowaniu do porodu. \u00a0Tw\u00f3j s<\/strong><strong>pok\u00f3j i opanowanie m<\/strong><strong>og\u0105 <\/strong><strong>u\u0142atwi\u0107 wsp\u00f3\u0142prac\u0119 z po\u0142o\u017cn\u0105 (personelem medycznym) i wp\u0142yn\u0105\u0107 na jako\u015b\u0107, d\u0142ugo\u015b\u0107 i komfort porodu.<\/strong><\/p>\n<p><strong>Program ka\u017cdych zaj\u0119\u0107:<\/strong><\/p>\n<ul>\n<li>\u0106wiczenia fizyczne (w\u0142\u0105cznie z pozycjami porodowymi)<\/li>\n<li>Techniki oddechowe (przede wszystkim te, wykorzystywane w porodzie)<\/li>\n<li>Techniki relaksacyjne<\/li>\n<\/ul>\n<p><strong>Dla kogo przeznaczone s\u0105 zaj\u0119cia jogi?<\/strong><\/p>\n<ul>\n<li>Dla ka\u017cdej kobiety w ci\u0105\u017cy od 15 tygodnia ci\u0105\u017cy, pod warunkiem, \u017ce nie cierpi na powa\u017cne problemy medyczne. Aby joga prenatalna odnios\u0142a zamierzone rezultaty, zaleca si\u0119 regularn\u0105 praktyk\u0119 przynajmniej raz w tygodniu a\u017c do samego porodu<\/li>\n<li>Wcze\u015bniejsza praktyka jogi nie jest konieczna, aby bra\u0107 udzia\u0142 w zaj\u0119ciach jogi<\/li>\n<\/ul>\n<p><strong>\u00a0<\/strong><\/p>\n<p><strong><span>Zaj\u0119cia odbywaj\u0105 si\u0119 w Szpitalu \u015bw. Zofii (Warszawa)<\/span><\/strong><\/p>\n<p><strong><span><\/span><\/strong><\/p>\n<p><strong><span>STACJONARNE:\u00a0 \u00a0Wtorek 16.30 \u2013 17.45<\/span><\/strong><\/p>\n<p><strong><span>\u00a0 \u00a0 \u00a0 \u00a0 \u00a0 \u00a0 \u00a0 \u00a0 \u00a0 \u00a0 \u00a0 \u00a0 \u00a0 \u00a0 \u00a0 \u00a0 \u015aroda\u00a0 \u00a0 16.30 \u2013 17.45<\/span><\/strong><\/p>\n<p><strong style=\"font-size: 14px;\"><\/strong><\/p>\n<p><strong style=\"font-size: 14px;\">ONLINE:\u00a0 \u00a0 \u00a0 \u00a0 \u00a0 \u00a0 \u00a0 \u00a0 \u015aroda\u00a0 \u00a0 10.00 \u2013 11.15<\/strong><\/p>\n<p><strong><\/strong><\/p>\n<p><strong><\/strong><\/p>\n<p><strong><\/strong><\/p>\n<p><strong style=\"font-size: 14px;\">Zapisy i p\u0142atno\u015b\u0107 prowadzi Dzia\u0142 Edukacja Szpitala \u015bw. Zofii<\/strong><\/p>\n<p>e-mail:\u00a0\u00a0<a href=\"mailto:dydaktyka@szpitalzelazna.pl\">dydaktyka@szpitalzelazna.pl<\/a><\/p>\n<p>Kobietom w ci\u0105\u017cy, kt\u00f3re zainteresowane s\u0105 praktyk\u0105 samodzieln\u0105 polecam lektur\u0119 E-booka: <a href=\"https:\/\/www.e-bookowo.pl\/self-publishing\/przygotuj-sie-do-porodu.html\">\u201cPRZYGOTUJ SI\u0118 DO PORODU \u2013 PRACA Z ODDECHEM, RUCH I RELAKS\u201d<\/a><br \/>To praktyczny, oparty o moje wieloletnie do\u015bwiadczenie, pierwszy w Polsce poradnik, jak przygotowa\u0107 si\u0119 do narodzin dziecka w holistyczny spos\u00f3b. W bardzo prosty i przejrzysty spos\u00f3b \u2013 krok po kroku &#8211; wyja\u015bnia, jak samodzielnie i bezpiecznie pracowa\u0107 z cia\u0142em, oddechem i relaksem w trakcie ci\u0105\u017cy. Radzi, co robi\u0107, gdy pojawiaj\u0105 si\u0119 typowe dolegliwo\u015bci ci\u0105\u017cowe np. b\u00f3le plec\u00f3w. Uczy technik oddechowych wykorzystywanych w trakcie porodu\u201e Wisienk\u0105 na torcie\u201d s\u0105 listy \u2013 wyj\u0105tkowe historie porodowe kobiet, kt\u00f3re stosowa\u0142y praktyki zawarte w ebooku w ci\u0105\u017cy i wykorzysta\u0142y w porodzie.<\/p>\n<p>W Wielkiej Brytanii by\u0142am jedn\u0105 z pierwszych nauczycielek jogi w ci\u0105\u017cy, kt\u00f3ra prowadzi\u0142a zaj\u0119cia jogi prenatalnej w szpitalu NHS (Tameside General Hospital w Manchesterze)<\/p>\n<p>&nbsp;<\/p>\n<p>Od 2013 prowadz\u0119 zaj\u0119cia w Szpitalu \u015bw. Zofii (Warszawa). <strong>CM \u201e\u017belazna\u201d, uznaj\u0105c, \u017ce joga mo\u017ce stanowi\u0107 w\u0142a\u015bciw\u0105 metod\u0119 wspieraj\u0105c\u0105 samopoczucie kobiet w ci\u0105\u017cy oraz wp\u0142ywa\u0107 na sprawny przebieg porodu, jest pierwsza plac\u00f3wka medyczna w Polsce, zaoferowa\u0142a zaj\u0119cia jogi prenatalnej.<\/strong><\/p>\n<p><strong>\u00a0<\/strong><\/p>\n<p><strong>W 2015 roku, r\u00f3wnie\u017c, jako pierwsi przeprowadzili\u015bmy b<\/strong><strong>adanie: \u201eWp\u0142yw praktyki jogi na stan psychiczny kobiet w okresie oko\u0142oporodowym, przebieg porodu i odczucia kobiet zwi\u0105zane z porodem\u201d<\/strong><\/p>\n<p>Wyniki s\u0105 opublikowane i mo\u017cna je przeczyta\u0107 tutaj: <a href=\"http:\/\/miloszmaciejewski.co.uk\/client\/wp-content\/uploads\/2021\/04\/Results-1.pdf\">Results<\/a><\/p>\n<p>&nbsp;<\/p>\n<p>W celu uzyskaniu dodatkowych informacji czy zorganizowania indywidualnej sesji jogi prenatalnej, prosz\u0119 o kontakt te\u0142: 694 145542 lub\u00a0<a href=\"mailto:inga@iidyoga.com\">inga@iidyoga.com<\/a><\/p>\n<p>&nbsp;<\/p>\n<p><span lang=\"PL\">Je\u015bli masz ochot\u0119 praktykowa\u0107 jog\u0119 sama w domu, odwied\u017a: <\/span><span lang=\"PL\">\u00a0<a href=\"https:\/\/www.youtube.com\/@ingayoga5127\">https:\/\/www.youtube.com\/@ingayoga5127<\/a><\/span><\/p>\n<p><strong>\u00a0<\/strong><\/p>\n<p><strong>\u00a0<\/strong><\/p>\n<p>[\/et_pb_text][\/et_pb_column][\/et_pb_row][\/et_pb_section][et_pb_section fb_built=&#8221;1&#8243; _builder_version=&#8221;4.9.0&#8243; _module_preset=&#8221;default&#8221; custom_padding=&#8221;0px|||||&#8221;][et_pb_row _builder_version=&#8221;4.9.0&#8243; _module_preset=&#8221;default&#8221; collapsed=&#8221;on&#8221;][et_pb_column type=&#8221;4_4&#8243; _builder_version=&#8221;4.9.0&#8243; _module_preset=&#8221;default&#8221;][et_pb_video src=&#8221;https:\/\/www.youtube.com\/watch?v=N-UGbLKBKhY&#8221; _builder_version=&#8221;4.9.0&#8243; _module_preset=&#8221;default&#8221;][\/et_pb_video][\/et_pb_column][\/et_pb_row][\/et_pb_section]<\/p>\n","protected":false},"excerpt":{"rendered":"<p>[et_pb_section fb_built=&#8221;1&#8243; fullwidth=&#8221;on&#8221; _builder_version=&#8221;4.9.0&#8243; _module_preset=&#8221;default&#8221;][et_pb_fullwidth_slider _builder_version=&#8221;4.9.0&#8243; _module_preset=&#8221;default&#8221;][et_pb_slide heading=&#8221;Joga w ci\u0105\u017cy&#8221; _builder_version=&#8221;4.9.0&#8243; _module_preset=&#8221;default&#8221; background_enable_color=&#8221;off&#8221; background_image=&#8221;https:\/\/iidyoga.com\/Polish\/wp-content\/uploads\/2021\/03\/bellysession_iidyoga-15-1-scaled.jpg&#8221; background_enable_image=&#8221;on&#8221; sticky_transition=&#8221;on&#8221;][\/et_pb_slide][\/et_pb_fullwidth_slider][\/et_pb_section][et_pb_section fb_built=&#8221;1&#8243; _builder_version=&#8221;4.9.0&#8243; _module_preset=&#8221;default&#8221; collapsed=&#8221;off&#8221;][et_pb_row _builder_version=&#8221;4.9.0&#8243; _module_preset=&#8221;default&#8221;][et_pb_column type=&#8221;4_4&#8243; _builder_version=&#8221;4.9.0&#8243; _module_preset=&#8221;default&#8221;][et_pb_text _builder_version=&#8221;4.9.0&#8243; _module_preset=&#8221;default&#8221; custom_padding=&#8221;|20%||20%|false|true&#8221;] \u00a0 JOGA DLA KOBIET W CI\u0104\u017bY (Przygotowanie do porodu) \u00a0 Specjalistyczne sesje jogi prenatalnej\u00a0 to zaj\u0119cia ruchowo &#8211; oddechowo \u2013 relaksacyjne, kt\u00f3re przygotowuj\u0105 kobiet\u0119 do porodu i [&hellip;]<\/p>\n","protected":false},"author":1,"featured_media":0,"parent":0,"menu_order":0,"comment_status":"closed","ping_status":"closed","template":"","meta":{"_et_pb_use_builder":"on","_et_pb_old_content":"","_et_gb_content_width":"","footnotes":""},"class_list":["post-70","page","type-page","status-publish","hentry"],"aioseo_notices":[],"_links":{"self":[{"href":"https:\/\/iidyoga.com\/Polish\/wp-json\/wp\/v2\/pages\/70","targetHints":{"allow":["GET"]}}],"collection":[{"href":"https:\/\/iidyoga.com\/Polish\/wp-json\/wp\/v2\/pages"}],"about":[{"href":"https:\/\/iidyoga.com\/Polish\/wp-json\/wp\/v2\/types\/page"}],"author":[{"embeddable":true,"href":"https:\/\/iidyoga.com\/Polish\/wp-json\/wp\/v2\/users\/1"}],"replies":[{"embeddable":true,"href":"https:\/\/iidyoga.com\/Polish\/wp-json\/wp\/v2\/comments?post=70"}],"version-history":[{"count":10,"href":"https:\/\/iidyoga.com\/Polish\/wp-json\/wp\/v2\/pages\/70\/revisions"}],"predecessor-version":[{"id":856,"href":"https:\/\/iidyoga.com\/Polish\/wp-json\/wp\/v2\/pages\/70\/revisions\/856"}],"wp:attachment":[{"href":"https:\/\/iidyoga.com\/Polish\/wp-json\/wp\/v2\/media?parent=70"}],"curies":[{"name":"wp","href":"https:\/\/api.w.org\/{rel}","templated":true}]}}