{"id":145,"date":"2021-03-21T16:57:26","date_gmt":"2021-03-21T16:57:26","guid":{"rendered":"http:\/\/miloszmaciejewski.co.uk\/client\/?page_id=145"},"modified":"2025-09-07T17:24:01","modified_gmt":"2025-09-07T15:24:01","slug":"meditation","status":"publish","type":"page","link":"https:\/\/iidyoga.com\/Polish\/meditation\/","title":{"rendered":"Medytacja"},"content":{"rendered":"<p>[et_pb_section fb_built=&#8221;1&#8243; fullwidth=&#8221;on&#8221; _builder_version=&#8221;4.9.0&#8243; _module_preset=&#8221;default&#8221;][et_pb_fullwidth_slider _builder_version=&#8221;4.9.0&#8243; _module_preset=&#8221;default&#8221;][et_pb_slide heading=&#8221;Medytacja&#8221; _builder_version=&#8221;4.9.0&#8243; _module_preset=&#8221;default&#8221; background_enable_color=&#8221;off&#8221; background_image=&#8221;https:\/\/iidyoga.com\/Polish\/wp-content\/uploads\/2021\/04\/pexels-sebastian-voortman-189349-scaled.jpg&#8221; background_enable_image=&#8221;on&#8221; sticky_transition=&#8221;on&#8221;][\/et_pb_slide][\/et_pb_fullwidth_slider][\/et_pb_section][et_pb_section fb_built=&#8221;1&#8243; _builder_version=&#8221;4.9.0&#8243; _module_preset=&#8221;default&#8221;][et_pb_row _builder_version=&#8221;4.9.0&#8243; _module_preset=&#8221;default&#8221;][et_pb_column type=&#8221;4_4&#8243; _builder_version=&#8221;4.9.0&#8243; _module_preset=&#8221;default&#8221;][et_pb_text _builder_version=&#8221;4.9.0&#8243; _module_preset=&#8221;default&#8221; custom_padding=&#8221;|20%||20%|false|true&#8221;]<\/p>\n<h1 style=\"text-align: center;\"><strong>CZYM JEST MEDYTACJA?<\/strong><\/h1>\n<p>&nbsp;<\/p>\n<p>Jest wiele definicji Medytacji. W zale\u017cno\u015bci od kultury i tradycji, termin: Medytacja obejmuje szeroki zakres praktyk. Jednak g\u0142\u00f3wnym aspektem podkre\u015blanym we wszystkich definicjach jest <strong>WYCISZENIE UMYS\u0141.<\/strong><\/p>\n<p>Moje rozumienie i nauczanie medytacji opiera si\u0119 na \u017cyczliwym i zrelaksowanym podej\u015bciu. Dla mnie, medytacja jest sposobem na wyciszenie, na do\u015bwiadczenie spokoju, jasno\u015bci i m\u0105dro\u015bci umys\u0142u. Praktykuj\u0105c medytacj\u0119, krok po kroku zaprzyja\u017aniam si\u0119 z moim umys\u0142em.<\/p>\n<p>W pierwszych etapach medytacji uczymy si\u0119, jak by\u0107 obecnymi i uwa\u017cnymi na to, co dziej\u0119 si\u0119 w danej chwili, bez oceniania. W dalszych etapach do\u015bwiadczamy rosn\u0105cego, wewn\u0119trznego spokoju i ukojenia, by ostatecznie odkry\u0107 prawdziw\u0105 natur\u0119 umys\u0142u.<\/p>\n<p>&nbsp;<\/p>\n<p><strong>MEDYTACJA:<\/strong><\/p>\n<ul>\n<li>Relaksuje cia\u0142o i umys\u0142<\/li>\n<li>Zmniejsz stres, niepok\u00f3j, depresj\u0119 i b\u00f3l<\/li>\n<li>Przynosi spok\u00f3j<\/li>\n<li>Zwi\u0119ksza koncentracj\u0119, poczucie w\u0142asnej warto\u015bci, kreatywno\u015b\u0107, g\u0142\u0119bi\u0119 \u015bwiadomo\u015bci i uwa\u017cno\u015bci<\/li>\n<li>Pomaga zrozumie\u0107 siebie<\/li>\n<li>Zmienia podej\u015bcie do \u017cycia. Przynosi akceptacj\u0119, poczucie spokoju i \u201eloving kindness\u201d<\/li>\n<\/ul>\n<p>&nbsp;<\/p>\n<p><strong>G\u0142\u00f3wna klasyfikacja medytacji:<\/strong><\/p>\n<ul>\n<li>Koncentracyjna: oparta na oddechu, wzroku i d\u017awi\u0119ku<\/li>\n<\/ul>\n<p>W medytacji koncentracyjnej osoba medytuj\u0105ca skupia uwag\u0119 na okre\u015blonym obiekcie. Celem praktyki jest wyciszenie \u201erozgadanego\u201d umys\u0142u.<\/p>\n<ul>\n<li>Medytacja uwa\u017cno\u015bci (mindfulness)<\/li>\n<\/ul>\n<p>Podstaw\u0105 medytacji uwa\u017cno\u015bci jest skupienie umys\u0142u na do\u015bwiadczeniu \u201eobecnej chwili\u201d. Nie ma sta\u0142ego obiektu skupienia. Umys\u0142 rozwija zdolno\u015b\u0107 widzenia, poznawania i rozumienia tego, co si\u0119 dzieje. Uwa\u017cno\u015b\u0107 patrzy na wszystko, co przechodzi przez umys\u0142 i nie ocenia tego.<\/p>\n<p>W zale\u017cno\u015bci od indywidualnych potrzeb, sesje medytacyjne trwaj\u0105 od 30 do 60 minut oraz mog\u0105 zawiera\u0107 techniki oddechowe i \/ lub asany.<\/p>\n<p>&nbsp;<\/p>\n<p>W celu uzyskaniu dodatkowych informacji, prosz\u0119 o kontakt te\u0142: 694 145542 lub\u00a0<a href=\"mailto:inga@iidyoga.com\">inga@iidyoga.com<\/a><\/p>\n<p>[\/et_pb_text][\/et_pb_column][\/et_pb_row][\/et_pb_section]<\/p>\n","protected":false},"excerpt":{"rendered":"<p>[et_pb_section fb_built=&#8221;1&#8243; fullwidth=&#8221;on&#8221; _builder_version=&#8221;4.9.0&#8243; _module_preset=&#8221;default&#8221;][et_pb_fullwidth_slider _builder_version=&#8221;4.9.0&#8243; _module_preset=&#8221;default&#8221;][et_pb_slide heading=&#8221;Medytacja&#8221; _builder_version=&#8221;4.9.0&#8243; _module_preset=&#8221;default&#8221; background_enable_color=&#8221;off&#8221; background_image=&#8221;https:\/\/iidyoga.com\/Polish\/wp-content\/uploads\/2021\/04\/pexels-sebastian-voortman-189349-scaled.jpg&#8221; background_enable_image=&#8221;on&#8221; sticky_transition=&#8221;on&#8221;][\/et_pb_slide][\/et_pb_fullwidth_slider][\/et_pb_section][et_pb_section fb_built=&#8221;1&#8243; _builder_version=&#8221;4.9.0&#8243; _module_preset=&#8221;default&#8221;][et_pb_row _builder_version=&#8221;4.9.0&#8243; _module_preset=&#8221;default&#8221;][et_pb_column type=&#8221;4_4&#8243; _builder_version=&#8221;4.9.0&#8243; _module_preset=&#8221;default&#8221;][et_pb_text _builder_version=&#8221;4.9.0&#8243; _module_preset=&#8221;default&#8221; custom_padding=&#8221;|20%||20%|false|true&#8221;] CZYM JEST MEDYTACJA? &nbsp; Jest wiele definicji Medytacji. W zale\u017cno\u015bci od kultury i tradycji, termin: Medytacja obejmuje szeroki zakres praktyk. Jednak g\u0142\u00f3wnym aspektem podkre\u015blanym we wszystkich definicjach jest WYCISZENIE UMYS\u0141. [&hellip;]<\/p>\n","protected":false},"author":1,"featured_media":0,"parent":0,"menu_order":0,"comment_status":"closed","ping_status":"closed","template":"","meta":{"_et_pb_use_builder":"on","_et_pb_old_content":"","_et_gb_content_width":"","footnotes":""},"class_list":["post-145","page","type-page","status-publish","hentry"],"aioseo_notices":[],"_links":{"self":[{"href":"https:\/\/iidyoga.com\/Polish\/wp-json\/wp\/v2\/pages\/145","targetHints":{"allow":["GET"]}}],"collection":[{"href":"https:\/\/iidyoga.com\/Polish\/wp-json\/wp\/v2\/pages"}],"about":[{"href":"https:\/\/iidyoga.com\/Polish\/wp-json\/wp\/v2\/types\/page"}],"author":[{"embeddable":true,"href":"https:\/\/iidyoga.com\/Polish\/wp-json\/wp\/v2\/users\/1"}],"replies":[{"embeddable":true,"href":"https:\/\/iidyoga.com\/Polish\/wp-json\/wp\/v2\/comments?post=145"}],"version-history":[{"count":6,"href":"https:\/\/iidyoga.com\/Polish\/wp-json\/wp\/v2\/pages\/145\/revisions"}],"predecessor-version":[{"id":899,"href":"https:\/\/iidyoga.com\/Polish\/wp-json\/wp\/v2\/pages\/145\/revisions\/899"}],"wp:attachment":[{"href":"https:\/\/iidyoga.com\/Polish\/wp-json\/wp\/v2\/media?parent=145"}],"curies":[{"name":"wp","href":"https:\/\/api.w.org\/{rel}","templated":true}]}}